{"id":52,"date":"2026-02-13T07:32:06","date_gmt":"2026-02-13T07:32:06","guid":{"rendered":"https:\/\/test7.jkhk.edu.ee\/~illia\/?page_id=52"},"modified":"2026-02-13T07:32:06","modified_gmt":"2026-02-13T07:32:06","slug":"nutitelefonid","status":"publish","type":"page","link":"https:\/\/test7.jkhk.edu.ee\/~illia\/index.php\/nutitelefonid\/","title":{"rendered":"Nutitelefonid"},"content":{"rendered":"\n<p>Nutitelefon on kaasaegne mobiiliseade, mis \u00fchendab telefoni, arvuti ja kaamera funktsioonid \u00fches kompaktses seadmes. See v\u00f5imaldab suhelda, kasutada internetti, teha pilte ning t\u00f6\u00f6tada erinevate rakendustega igal ajal ja igas kohas. T\u00e4nap\u00e4eval on nutitelefonid igap\u00e4evaelu oluline osa.<\/p>\n\n\n\n<h3 class=\"wp-block-heading\">Peamised omadused:<\/h3>\n\n\n\n<ul class=\"wp-block-list\">\n<li>Operatsioonis\u00fcsteem \u2013 enamasti Android v\u00f5i iOS.<\/li>\n\n\n\n<li>Protsessor ja m\u00e4lu \u2013 m\u00e4\u00e4ravad seadme kiiruse ja j\u00f5udluse.<\/li>\n\n\n\n<li>Kaamera kvaliteet \u2013 oluline pildistamise ja videote tegemise jaoks.<\/li>\n\n\n\n<li>Aku mahtuvus \u2013 m\u00f5jutab, kui kaua seade ilma laadimata t\u00f6\u00f6tab.<\/li>\n\n\n\n<li>Ekraani suurus ja resolutsioon \u2013 m\u00e4\u00e4ravad kasutusmugavuse ja pildikvaliteedi.<\/li>\n\n\n\n<li>\u00dchenduvus \u2013 Wi-Fi, Bluetooth ja mobiilne andmeside.<\/li>\n<\/ul>\n\n\n\n<p>Nutitelefonide j\u00f5udlust m\u00f5jutavad sageli protsessorid, mida toodavad n\u00e4iteks <strong>Intel<\/strong> ja <strong><a href=\"https:\/\/www.amd.com\/en.html\" data-type=\"link\" data-id=\"https:\/\/www.amd.com\/en.html\">AMD<\/a><\/strong>, kuigi mobiilseadmetes kasutatakse ka spetsiaalseid kiipe teistelt tootjatelt. \u00d5ige nutitelefoni valik s\u00f5ltub kasutaja vajadustest \u2013 kas t\u00e4htsam on kaamera, aku kestvus v\u00f5i \u00fcldine j\u00f5udlus.<\/p>\n","protected":false},"excerpt":{"rendered":"<p>Nutitelefon on kaasaegne mobiiliseade, mis \u00fchendab telefoni, arvuti ja kaamera funktsioonid \u00fches kompaktses seadmes. See v\u00f5imaldab suhelda, kasutada internetti, teha pilte ning t\u00f6\u00f6tada erinevate rakendustega igal ajal ja igas kohas. T\u00e4nap\u00e4eval on nutitelefonid igap\u00e4evaelu oluline osa. Peamised omadused: Nutitelefonide j\u00f5udlust m\u00f5jutavad sageli protsessorid, mida toodavad n\u00e4iteks Intel ja AMD, kuigi mobiilseadmetes kasutatakse ka spetsiaalseid kiipe [&hellip;]<\/p>\n","protected":false},"author":1,"featured_media":0,"parent":0,"menu_order":0,"comment_status":"closed","ping_status":"closed","template":"","meta":{"footnotes":""},"class_list":["post-52","page","type-page","status-publish","hentry"],"_links":{"self":[{"href":"https:\/\/test7.jkhk.edu.ee\/~illia\/index.php\/wp-json\/wp\/v2\/pages\/52","targetHints":{"allow":["GET"]}}],"collection":[{"href":"https:\/\/test7.jkhk.edu.ee\/~illia\/index.php\/wp-json\/wp\/v2\/pages"}],"about":[{"href":"https:\/\/test7.jkhk.edu.ee\/~illia\/index.php\/wp-json\/wp\/v2\/types\/page"}],"author":[{"embeddable":true,"href":"https:\/\/test7.jkhk.edu.ee\/~illia\/index.php\/wp-json\/wp\/v2\/users\/1"}],"replies":[{"embeddable":true,"href":"https:\/\/test7.jkhk.edu.ee\/~illia\/index.php\/wp-json\/wp\/v2\/comments?post=52"}],"version-history":[{"count":1,"href":"https:\/\/test7.jkhk.edu.ee\/~illia\/index.php\/wp-json\/wp\/v2\/pages\/52\/revisions"}],"predecessor-version":[{"id":53,"href":"https:\/\/test7.jkhk.edu.ee\/~illia\/index.php\/wp-json\/wp\/v2\/pages\/52\/revisions\/53"}],"wp:attachment":[{"href":"https:\/\/test7.jkhk.edu.ee\/~illia\/index.php\/wp-json\/wp\/v2\/media?parent=52"}],"curies":[{"name":"wp","href":"https:\/\/api.w.org\/{rel}","templated":true}]}}