{"id":6,"date":"2026-02-04T12:32:51","date_gmt":"2026-02-04T12:32:51","guid":{"rendered":"https:\/\/test7.jkhk.edu.ee\/~karl\/?page_id=6"},"modified":"2026-02-06T06:55:37","modified_gmt":"2026-02-06T06:55:37","slug":"galeriistjuttu","status":"publish","type":"page","link":"https:\/\/test7.jkhk.edu.ee\/~karl\/index.php\/galeriistjuttu\/","title":{"rendered":"Galeriist juttu"},"content":{"rendered":"\n<div class=\"wp-block-group has-global-padding is-layout-constrained wp-block-group-is-layout-constrained\">\n<p><\/p>\n\n\n\n<p class=\"has-text-align-center\">Karl K\u00e4gu<\/p>\n\n\n\n<p><\/p>\n\n\n\n<p>See kass on nagu vaikne s\u00f5ber, kes on alati kohal, kuigi ei sega. Ta j\u00e4lgib sind oma rahuliku ja s\u00fcgava pilguga, nagu p\u00fc\u00fcaks m\u00f5ista k\u00f5ike, mis sinu \u00fcmber toimub. Tema liikumine on pehme ja hoolikas, iga samm n\u00e4ib l\u00e4bim\u00f5eldud ja vaikne. Ta m\u00e4rkab v\u00e4iksemaidki liigutusi, kuulab ja tunnetab \u00f5hku \u00fcmberringi.<\/p>\n\n\n\n<p><\/p>\n\n\n\n<p><\/p>\n\n\n\n<div class=\"wp-block-buttons is-content-justification-center is-layout-flex wp-container-core-buttons-is-layout-a89b3969 wp-block-buttons-is-layout-flex\">\n<div class=\"wp-block-button\"><a class=\"wp-block-button__link wp-element-button\" href=\"https:\/\/test7.jkhk.edu.ee\/~karl\/index.php\/pildid\/\">Pildid<\/a><\/div>\n<\/div>\n\n\n\n<div class=\"wp-block-buttons is-content-justification-center is-layout-flex wp-container-core-buttons-is-layout-a89b3969 wp-block-buttons-is-layout-flex\">\n<div class=\"wp-block-button\"><a class=\"wp-block-button__link wp-element-button\" href=\"https:\/\/test7.jkhk.edu.ee\/~karl\/index.php\/tagasiside\/\">Tagasiside<\/a><\/div>\n<\/div>\n\n\n\n<p><\/p>\n\n\n\n<p><\/p>\n<\/div>\n","protected":false},"excerpt":{"rendered":"<p>Karl K\u00e4gu See kass on nagu vaikne s\u00f5ber, kes on alati kohal, kuigi ei sega. Ta j\u00e4lgib sind oma rahuliku ja s\u00fcgava pilguga, nagu p\u00fc\u00fcaks m\u00f5ista k\u00f5ike, mis sinu \u00fcmber toimub. Tema liikumine on pehme ja hoolikas, iga samm n\u00e4ib l\u00e4bim\u00f5eldud ja vaikne. Ta m\u00e4rkab v\u00e4iksemaidki liigutusi, kuulab ja tunnetab \u00f5hku \u00fcmberringi.<\/p>\n","protected":false},"author":1,"featured_media":0,"parent":0,"menu_order":0,"comment_status":"closed","ping_status":"closed","template":"","meta":{"footnotes":""},"class_list":["post-6","page","type-page","status-publish","hentry"],"_links":{"self":[{"href":"https:\/\/test7.jkhk.edu.ee\/~karl\/index.php\/wp-json\/wp\/v2\/pages\/6","targetHints":{"allow":["GET"]}}],"collection":[{"href":"https:\/\/test7.jkhk.edu.ee\/~karl\/index.php\/wp-json\/wp\/v2\/pages"}],"about":[{"href":"https:\/\/test7.jkhk.edu.ee\/~karl\/index.php\/wp-json\/wp\/v2\/types\/page"}],"author":[{"embeddable":true,"href":"https:\/\/test7.jkhk.edu.ee\/~karl\/index.php\/wp-json\/wp\/v2\/users\/1"}],"replies":[{"embeddable":true,"href":"https:\/\/test7.jkhk.edu.ee\/~karl\/index.php\/wp-json\/wp\/v2\/comments?post=6"}],"version-history":[{"count":9,"href":"https:\/\/test7.jkhk.edu.ee\/~karl\/index.php\/wp-json\/wp\/v2\/pages\/6\/revisions"}],"predecessor-version":[{"id":173,"href":"https:\/\/test7.jkhk.edu.ee\/~karl\/index.php\/wp-json\/wp\/v2\/pages\/6\/revisions\/173"}],"wp:attachment":[{"href":"https:\/\/test7.jkhk.edu.ee\/~karl\/index.php\/wp-json\/wp\/v2\/media?parent=6"}],"curies":[{"name":"wp","href":"https:\/\/api.w.org\/{rel}","templated":true}]}}